{"id":2120,"date":"2011-12-16T15:28:44","date_gmt":"2011-12-16T15:28:44","guid":{"rendered":"http:\/\/www.portlandgreen.com\/PGFilm\/?page_id=2120"},"modified":"2014-11-25T10:11:18","modified_gmt":"2014-11-25T10:11:18","slug":"das-gespenst-des-glucks","status":"publish","type":"page","link":"https:\/\/www.portlandgreen.com\/PGFilm\/das-gespenst-des-glucks\/","title":{"rendered":"<span style=\"color:#e20036\">Das Gespenst des Gl\u00fccks"},"content":{"rendered":"<p style=\"text-align: center;\"><img decoding=\"async\" class=\"aligncenter size-large wp-image-536\" title=\"cecco\" src=\"http:\/\/www.portlandgreen.com\/pg_images\/dasgespenst.jpg\" alt=\"\" width=\"600\" \/><\/p>\n<p>Das Gespenst des Gl\u00fccks<br \/>\n2011<br \/>\n Director, Editor, Sound: Max Philipp Schmid<br \/>\nCast: Desir\u00e9e Meiser, Klaus Br\u00f6mmelmeier<br \/>\nCamera: Sarah Derendinger<br \/>\nLight: Andr\u00e9 Pinkus, Sarah Derendinger<br \/>\nSet Design, Costume Design: Monika G\u00f6rner-Vogt<br \/>\nSound Design: Knut Jensen<br \/>\nProducer: Stella H\u00e4ndler<br \/>\n 11&#8242;<br \/>\n16:9 <\/p>\n<div style=\"margin-right: 35%; line-height:2em\">\n<p>A man and a woman in a luxurious bedroom, in embrace; a television plays a dancing couple in a Hollywood musical.  Trying to keep up, the man and woman are wooden, their moves are stilted as though under an intense gravitational pull.  They try and try again but their efforts undermine any light touch that the dance may have, the failure written on their faces.<\/p>\n<p>\nThis eerily transformative film confidently squirms between the subtle, the theatrical, the performative and the grotesque.  A wordless, forceful film with an exquisite soundtrack.<\/p>\n<\/div>\n<p> RIGHTS CONTACT:<a href=\"mailto:jprogramme@portlandgreen.com?subject=Rights Information\"><span style=\"color:#e20036\"> programme@portlandgreen.com<\/span><\/a>\n<\/p>\n<p><spacer><\/spacer><\/p>\n<hr>\n<\/hr>\n<p>VIEWING OPTIONS<\/p>\n<p><span style=\"color:#e20036\">View Trailer<\/span><\/p>\n<p><iframe loading=\"lazy\" src=\"http:\/\/player.vimeo.com\/video\/36344979?title=0&amp;byline=0&amp;portrait=0&amp;color=e20036\" width=\"440\" height=\"264\" frameborder=\"0\" webkitAllowFullScreen mozallowfullscreen allowFullScreen><\/iframe><\/p>\n<p><a href=\"mailto:programme@portlandgreen.com?subject=Book a Screening\"><span style=\"color:#e20036\">Book Screening<\/span><\/a><\/p>\n","protected":false},"excerpt":{"rendered":"<p>Das Gespenst des Gl\u00fccks 2011 Director, Editor, Sound: Max Philipp Schmid Cast: Desir\u00e9e Meiser, Klaus Br\u00f6mmelmeier Camera: Sarah Derendinger Light: Andr\u00e9 Pinkus, Sarah Derendinger Set Design, Costume Design: Monika G\u00f6rner-Vogt Sound Design: Knut Jensen Producer: Stella H\u00e4ndler 11&#8242; 16:9 A man and a woman in a luxurious bedroom, in embrace; a television plays a dancing [&hellip;]<\/p>\n","protected":false},"author":1,"featured_media":0,"parent":0,"menu_order":0,"comment_status":"closed","ping_status":"open","template":"","meta":{"footnotes":""},"_links":{"self":[{"href":"https:\/\/www.portlandgreen.com\/PGFilm\/wp-json\/wp\/v2\/pages\/2120"}],"collection":[{"href":"https:\/\/www.portlandgreen.com\/PGFilm\/wp-json\/wp\/v2\/pages"}],"about":[{"href":"https:\/\/www.portlandgreen.com\/PGFilm\/wp-json\/wp\/v2\/types\/page"}],"author":[{"embeddable":true,"href":"https:\/\/www.portlandgreen.com\/PGFilm\/wp-json\/wp\/v2\/users\/1"}],"replies":[{"embeddable":true,"href":"https:\/\/www.portlandgreen.com\/PGFilm\/wp-json\/wp\/v2\/comments?post=2120"}],"version-history":[{"count":16,"href":"https:\/\/www.portlandgreen.com\/PGFilm\/wp-json\/wp\/v2\/pages\/2120\/revisions"}],"predecessor-version":[{"id":2239,"href":"https:\/\/www.portlandgreen.com\/PGFilm\/wp-json\/wp\/v2\/pages\/2120\/revisions\/2239"}],"wp:attachment":[{"href":"https:\/\/www.portlandgreen.com\/PGFilm\/wp-json\/wp\/v2\/media?parent=2120"}],"curies":[{"name":"wp","href":"https:\/\/api.w.org\/{rel}","templated":true}]}}